{"id":1907,"date":"2025-03-11T16:27:59","date_gmt":"2025-03-11T16:27:59","guid":{"rendered":"https:\/\/smartgrepp.se\/?post_type=product&#038;p=1907"},"modified":"2025-10-06T16:13:33","modified_gmt":"2025-10-06T16:13:33","slug":"smartgrepp","status":"publish","type":"product","link":"https:\/\/smartgrepp.se\/en\/product\/smartgrepp\/","title":{"rendered":"SmartGrepp"},"content":{"rendered":"<p align=\"LEFT\"><strong>Smartgrip is a newly developed innovation designed to give you full control over the equipment you use during your workouts.<\/strong><\/p>\n<p align=\"LEFT\">Smartgrip is exactly what it sounds like \u2013 a specially designed grip that attaches to the handles of the equipment you are using for weight training. It does not matter if it is small dumbbells, large bars, or other types of handles. The material is designed to adhere both to the equipment and your hands. The result is a steady and secure grip that provides increased comfort and confidence, ensuring the equipment works with you for optimal training. Smart, right?\u00a0<strong>Smart, va?<\/strong><\/p>","protected":false},"excerpt":{"rendered":"<p>SmartGrepp \u00e4r en innovativ tr\u00e4ningsgrepp som ger dig ett stabilt och bekv\u00e4mt grepp vid styrketr\u00e4ning. Designat f\u00f6r att f\u00e4stas runt hantlar, skivst\u00e4nger och andra redskap, f\u00f6rb\u00e4ttrar det kontroll och komfort under varje tr\u00e4ningspass.<\/p>","protected":false},"featured_media":2242,"comment_status":"open","ping_status":"closed","template":"","meta":[],"product_brand":[],"product_cat":[20],"product_tag":[],"class_list":{"0":"post-1907","1":"product","2":"type-product","3":"status-publish","4":"has-post-thumbnail","6":"product_cat-grepp","8":"first","9":"instock","10":"taxable","11":"shipping-taxable","12":"purchasable","13":"product-type-simple"},"aioseo_notices":[],"jetpack_sharing_enabled":true,"_links":{"self":[{"href":"https:\/\/smartgrepp.se\/en\/wp-json\/wp\/v2\/product\/1907","targetHints":{"allow":["GET"]}}],"collection":[{"href":"https:\/\/smartgrepp.se\/en\/wp-json\/wp\/v2\/product"}],"about":[{"href":"https:\/\/smartgrepp.se\/en\/wp-json\/wp\/v2\/types\/product"}],"replies":[{"embeddable":true,"href":"https:\/\/smartgrepp.se\/en\/wp-json\/wp\/v2\/comments?post=1907"}],"wp:featuredmedia":[{"embeddable":true,"href":"https:\/\/smartgrepp.se\/en\/wp-json\/wp\/v2\/media\/2242"}],"wp:attachment":[{"href":"https:\/\/smartgrepp.se\/en\/wp-json\/wp\/v2\/media?parent=1907"}],"wp:term":[{"taxonomy":"product_brand","embeddable":true,"href":"https:\/\/smartgrepp.se\/en\/wp-json\/wp\/v2\/product_brand?post=1907"},{"taxonomy":"product_cat","embeddable":true,"href":"https:\/\/smartgrepp.se\/en\/wp-json\/wp\/v2\/product_cat?post=1907"},{"taxonomy":"product_tag","embeddable":true,"href":"https:\/\/smartgrepp.se\/en\/wp-json\/wp\/v2\/product_tag?post=1907"}],"curies":[{"name":"wp","href":"https:\/\/api.w.org\/{rel}","templated":true}]}}