{"id":54,"date":"2024-11-23T21:48:26","date_gmt":"2024-11-23T21:48:26","guid":{"rendered":"https:\/\/smartgrepp.se\/?page_id=54"},"modified":"2024-12-08T19:27:07","modified_gmt":"2024-12-08T19:27:07","slug":"om-oss","status":"publish","type":"page","link":"https:\/\/smartgrepp.se\/en\/om-oss\/","title":{"rendered":"About us"},"content":{"rendered":"<div data-elementor-type=\"wp-page\" data-elementor-id=\"54\" class=\"elementor elementor-54\" data-elementor-settings=\"{&quot;ha_cmc_init_switcher&quot;:&quot;no&quot;}\" data-elementor-post-type=\"page\">\n\t\t\t\t<div class=\"elementor-element elementor-element-e27da9d e-con-full e-flex e-con e-parent\" data-id=\"e27da9d\" data-element_type=\"container\" data-settings=\"{&quot;background_background&quot;:&quot;classic&quot;,&quot;shape_divider_bottom&quot;:&quot;opacity-fan&quot;,&quot;_ha_eqh_enable&quot;:false}\">\n\t\t\t\t<div class=\"elementor-shape elementor-shape-bottom\" aria-hidden=\"true\" data-negative=\"false\">\n\t\t\t<svg xmlns=\"http:\/\/www.w3.org\/2000\/svg\" viewbox=\"0 0 283.5 19.6\" preserveaspectratio=\"none\">\n\t<path class=\"elementor-shape-fill\" style=\"opacity:0.33\" d=\"M0 0L0 18.8 141.8 4.1 283.5 18.8 283.5 0z\"\/>\n\t<path class=\"elementor-shape-fill\" style=\"opacity:0.33\" d=\"M0 0L0 12.6 141.8 4 283.5 12.6 283.5 0z\"\/>\n\t<path class=\"elementor-shape-fill\" style=\"opacity:0.33\" d=\"M0 0L0 6.4 141.8 4 283.5 6.4 283.5 0z\"\/>\n\t<path class=\"elementor-shape-fill\" d=\"M0 0L0 1.2 141.8 4 283.5 1.2 283.5 0z\"\/>\n<\/svg>\t\t<\/div>\n\t\t<div class=\"elementor-element elementor-element-d92dce8 e-con-full e-flex e-con e-child\" data-id=\"d92dce8\" data-element_type=\"container\" data-settings=\"{&quot;_ha_eqh_enable&quot;:false}\">\n\t\t\t\t<div class=\"elementor-element elementor-element-c8aadfe elementor-widget elementor-widget-heading\" data-id=\"c8aadfe\" data-element_type=\"widget\" data-widget_type=\"heading.default\">\n\t\t\t\t<div class=\"elementor-widget-container\">\n\t\t\t\t\t<h1 class=\"elementor-heading-title elementor-size-default\">About us<\/h1>\t\t\t\t<\/div>\n\t\t\t\t<\/div>\n\t\t\t\t<div class=\"elementor-element elementor-element-29550dd elementor-widget elementor-widget-text-editor\" data-id=\"29550dd\" data-element_type=\"widget\" data-widget_type=\"text-editor.default\">\n\t\t\t\t<div class=\"elementor-widget-container\">\n\t\t\t\t\t\t\t\t\t<p>Christian Jansson is the founder of the company SmartGrepp. He has lifelong experience of training in several areas, i.a. boxing and MMA - but above all strength training, where he saw an opportunity to be able to improve his grip on the gym equipment and thereby be able to optimize his training. That was the start of the all-Swedish innovation SmartGrepp!<\/p><p>Everything from idea to development and production takes place within Sweden's borders and the focus is and has always been high quality at a good price.<\/p><p>SmartGrepp has grown rapidly and now has customers and dealers both within Sweden and neighboring Nordic countries.<\/p>\t\t\t\t\t\t\t\t<\/div>\n\t\t\t\t<\/div>\n\t\t\t\t<\/div>\n\t\t<div class=\"elementor-element elementor-element-1c81c36 e-con-full e-flex e-con e-child\" data-id=\"1c81c36\" data-element_type=\"container\">\n\t\t\t\t<div class=\"elementor-element elementor-element-56dbfe2 elementor-widget elementor-widget-image\" data-id=\"56dbfe2\" data-element_type=\"widget\" data-widget_type=\"image.default\">\n\t\t\t\t<div class=\"elementor-widget-container\">\n\t\t\t\t\t\t\t\t\t\t\t\t\t\t\t<img fetchpriority=\"high\" decoding=\"async\" width=\"2116\" height=\"1410\" src=\"https:\/\/smartgrepp.se\/wp-content\/uploads\/2024\/12\/126445.webp\" class=\"attachment-full size-full wp-image-1612\" alt=\"\" srcset=\"https:\/\/smartgrepp.se\/wp-content\/uploads\/2024\/12\/126445.webp 2116w, https:\/\/smartgrepp.se\/wp-content\/uploads\/2024\/12\/126445-300x200.webp 300w, https:\/\/smartgrepp.se\/wp-content\/uploads\/2024\/12\/126445-1024x682.webp 1024w, https:\/\/smartgrepp.se\/wp-content\/uploads\/2024\/12\/126445-768x512.webp 768w, https:\/\/smartgrepp.se\/wp-content\/uploads\/2024\/12\/126445-1536x1024.webp 1536w, https:\/\/smartgrepp.se\/wp-content\/uploads\/2024\/12\/126445-2048x1365.webp 2048w, https:\/\/smartgrepp.se\/wp-content\/uploads\/2024\/12\/126445-18x12.webp 18w, https:\/\/smartgrepp.se\/wp-content\/uploads\/2024\/12\/126445-600x400.webp 600w\" sizes=\"(max-width: 2116px) 100vw, 2116px\" \/>\t\t\t\t\t\t\t\t\t\t\t\t\t\t\t<\/div>\n\t\t\t\t<\/div>\n\t\t\t\t<\/div>\n\t\t\t\t<\/div>\n\t\t\t\t<\/div>","protected":false},"excerpt":{"rendered":"<p>Om oss Christian Jansson \u00e4r grundare av f\u00f6retaget SmartGrepp. Han har livsl\u00e5ng erfarenhet av tr\u00e4ning inom flera omr\u00e5den, bl.a. boxning och MMA &#8211; men framf\u00f6r allt styrketr\u00e4ning, d\u00e4r han s\u00e5g en m\u00f6jlighet att kunde f\u00f6rb\u00e4ttra greppet p\u00e5 gymutrustningen och genom detta kunna optimera tr\u00e4niningen. Det blev starten f\u00f6r den helsvenska innovationen SmartGrepp! Allt ifr\u00e5n id\u00e9 [&hellip;]<\/p>","protected":false},"author":1,"featured_media":0,"parent":0,"menu_order":0,"comment_status":"closed","ping_status":"closed","template":"","meta":{"footnotes":""},"class_list":["post-54","page","type-page","status-publish","hentry"],"aioseo_notices":[],"jetpack_sharing_enabled":true,"_links":{"self":[{"href":"https:\/\/smartgrepp.se\/en\/wp-json\/wp\/v2\/pages\/54","targetHints":{"allow":["GET"]}}],"collection":[{"href":"https:\/\/smartgrepp.se\/en\/wp-json\/wp\/v2\/pages"}],"about":[{"href":"https:\/\/smartgrepp.se\/en\/wp-json\/wp\/v2\/types\/page"}],"author":[{"embeddable":true,"href":"https:\/\/smartgrepp.se\/en\/wp-json\/wp\/v2\/users\/1"}],"replies":[{"embeddable":true,"href":"https:\/\/smartgrepp.se\/en\/wp-json\/wp\/v2\/comments?post=54"}],"version-history":[{"count":14,"href":"https:\/\/smartgrepp.se\/en\/wp-json\/wp\/v2\/pages\/54\/revisions"}],"predecessor-version":[{"id":2331,"href":"https:\/\/smartgrepp.se\/en\/wp-json\/wp\/v2\/pages\/54\/revisions\/2331"}],"wp:attachment":[{"href":"https:\/\/smartgrepp.se\/en\/wp-json\/wp\/v2\/media?parent=54"}],"curies":[{"name":"wp","href":"https:\/\/api.w.org\/{rel}","templated":true}]}}