{"id":1590,"date":"2024-12-08T13:45:26","date_gmt":"2024-12-08T13:45:26","guid":{"rendered":"https:\/\/smartgrepp.se\/?page_id=1590"},"modified":"2024-12-12T19:42:14","modified_gmt":"2024-12-12T19:42:14","slug":"tag","status":"publish","type":"page","link":"https:\/\/smartgrepp.se\/en\/tag\/","title":{"rendered":"Three-Year Warranty"},"content":{"rendered":"<div data-elementor-type=\"wp-page\" data-elementor-id=\"1590\" class=\"elementor elementor-1590\" data-elementor-settings=\"{&quot;ha_cmc_init_switcher&quot;:&quot;no&quot;}\" data-elementor-post-type=\"page\">\n\t\t\t\t<div class=\"elementor-element elementor-element-9f9c195 e-con-full e-flex e-con e-parent\" data-id=\"9f9c195\" data-element_type=\"container\" data-settings=\"{&quot;background_background&quot;:&quot;classic&quot;,&quot;shape_divider_bottom&quot;:&quot;opacity-fan&quot;,&quot;_ha_eqh_enable&quot;:false}\">\n\t\t\t\t<div class=\"elementor-shape elementor-shape-bottom\" aria-hidden=\"true\" data-negative=\"false\">\n\t\t\t<svg xmlns=\"http:\/\/www.w3.org\/2000\/svg\" viewbox=\"0 0 283.5 19.6\" preserveaspectratio=\"none\">\n\t<path class=\"elementor-shape-fill\" style=\"opacity:0.33\" d=\"M0 0L0 18.8 141.8 4.1 283.5 18.8 283.5 0z\"\/>\n\t<path class=\"elementor-shape-fill\" style=\"opacity:0.33\" d=\"M0 0L0 12.6 141.8 4 283.5 12.6 283.5 0z\"\/>\n\t<path class=\"elementor-shape-fill\" style=\"opacity:0.33\" d=\"M0 0L0 6.4 141.8 4 283.5 6.4 283.5 0z\"\/>\n\t<path class=\"elementor-shape-fill\" d=\"M0 0L0 1.2 141.8 4 283.5 1.2 283.5 0z\"\/>\n<\/svg>\t\t<\/div>\n\t\t<div class=\"elementor-element elementor-element-13def23 e-con-full e-flex e-con e-child\" data-id=\"13def23\" data-element_type=\"container\" data-settings=\"{&quot;_ha_eqh_enable&quot;:false}\">\n\t\t\t\t<div class=\"elementor-element elementor-element-f21a74f elementor-widget elementor-widget-heading\" data-id=\"f21a74f\" data-element_type=\"widget\" data-widget_type=\"heading.default\">\n\t\t\t\t<div class=\"elementor-widget-container\">\n\t\t\t\t\t<h1 class=\"elementor-heading-title elementor-size-default\">Three-Year Warranty<\/h1>\t\t\t\t<\/div>\n\t\t\t\t<\/div>\n\t\t\t\t<div class=\"elementor-element elementor-element-638d470 elementor-widget elementor-widget-heading\" data-id=\"638d470\" data-element_type=\"widget\" data-widget_type=\"heading.default\">\n\t\t\t\t<div class=\"elementor-widget-container\">\n\t\t\t\t\t<h5 class=\"elementor-heading-title elementor-size-default\">We know that quality is not just about how the tool performs today, but how it performs year after year. That is why we proudly stand behind our product with a 3-year warranty \u2013 much longer than what is normally offered for workout equipment. Why? Because we know that our SmartGrepp can handle the challenge.\n\nWith our warranty, we show that we take quality seriously \u2013 and that we believe in the product we have created. If something should unexpectedly go wrong during the warranty period, we are ready to help you. SmartGrepp lasts, so you can keep your grip on your training.<\/h5>\t\t\t\t<\/div>\n\t\t\t\t<\/div>\n\t\t\t\t<div class=\"elementor-element elementor-element-0fc17b6 elementor-widget__width-auto elementor-align-center elementor-widget elementor-widget-button\" data-id=\"0fc17b6\" data-element_type=\"widget\" data-widget_type=\"button.default\">\n\t\t\t\t<div class=\"elementor-widget-container\">\n\t\t\t\t\t\t\t\t\t<div class=\"elementor-button-wrapper\">\n\t\t\t\t\t<a class=\"elementor-button elementor-button-link elementor-size-sm elementor-animation-grow-rotate\" href=\"\/en\/produkter\/\">\n\t\t\t\t\t\t<span class=\"elementor-button-content-wrapper\">\n\t\t\t\t\t\t\t\t\t<span class=\"elementor-button-text\">Go to store<\/span>\n\t\t\t\t\t<\/span>\n\t\t\t\t\t<\/a>\n\t\t\t\t<\/div>\n\t\t\t\t\t\t\t\t<\/div>\n\t\t\t\t<\/div>\n\t\t\t\t<\/div>\n\t\t<div class=\"elementor-element elementor-element-4cfef1b e-con-full e-flex e-con e-child\" data-id=\"4cfef1b\" data-element_type=\"container\">\n\t\t\t\t<div class=\"elementor-element elementor-element-ee60818 elementor-widget elementor-widget-image\" data-id=\"ee60818\" data-element_type=\"widget\" data-widget_type=\"image.default\">\n\t\t\t\t<div class=\"elementor-widget-container\">\n\t\t\t\t\t\t\t\t\t\t\t\t\t\t\t<img fetchpriority=\"high\" decoding=\"async\" width=\"300\" height=\"254\" src=\"https:\/\/smartgrepp.se\/wp-content\/uploads\/2024\/12\/3year.png\" class=\"attachment-full size-full wp-image-1624\" alt=\"\" srcset=\"https:\/\/smartgrepp.se\/wp-content\/uploads\/2024\/12\/3year.png 300w, https:\/\/smartgrepp.se\/wp-content\/uploads\/2024\/12\/3year-14x12.png 14w\" sizes=\"(max-width: 300px) 100vw, 300px\" \/>\t\t\t\t\t\t\t\t\t\t\t\t\t\t\t<\/div>\n\t\t\t\t<\/div>\n\t\t\t\t<\/div>\n\t\t\t\t<\/div>\n\t\t<div class=\"elementor-element elementor-element-48144e2 e-con-full e-flex e-con e-parent\" data-id=\"48144e2\" data-element_type=\"container\" data-settings=\"{&quot;background_background&quot;:&quot;classic&quot;,&quot;shape_divider_bottom&quot;:&quot;opacity-fan&quot;,&quot;_ha_eqh_enable&quot;:false}\">\n\t\t\t\t<div class=\"elementor-shape elementor-shape-bottom\" aria-hidden=\"true\" data-negative=\"false\">\n\t\t\t<svg xmlns=\"http:\/\/www.w3.org\/2000\/svg\" viewbox=\"0 0 283.5 19.6\" preserveaspectratio=\"none\">\n\t<path class=\"elementor-shape-fill\" style=\"opacity:0.33\" d=\"M0 0L0 18.8 141.8 4.1 283.5 18.8 283.5 0z\"\/>\n\t<path class=\"elementor-shape-fill\" style=\"opacity:0.33\" d=\"M0 0L0 12.6 141.8 4 283.5 12.6 283.5 0z\"\/>\n\t<path class=\"elementor-shape-fill\" style=\"opacity:0.33\" d=\"M0 0L0 6.4 141.8 4 283.5 6.4 283.5 0z\"\/>\n\t<path class=\"elementor-shape-fill\" d=\"M0 0L0 1.2 141.8 4 283.5 1.2 283.5 0z\"\/>\n<\/svg>\t\t<\/div>\n\t\t<div class=\"elementor-element elementor-element-6762bcd e-con-full e-flex e-con e-child\" data-id=\"6762bcd\" data-element_type=\"container\" data-settings=\"{&quot;_ha_eqh_enable&quot;:false}\">\n\t\t\t\t<div class=\"elementor-element elementor-element-4a959dd elementor-widget elementor-widget-text-editor\" data-id=\"4a959dd\" data-element_type=\"widget\" data-widget_type=\"text-editor.default\">\n\t\t\t\t<div class=\"elementor-widget-container\">\n\t\t\t\t\t\t\t\t\t<p>For more information about our guarantees, you can find all the details and terms regarding this in our general purchase conditions. If you have any questions, you are always welcome to contact us!<\/p>\t\t\t\t\t\t\t\t<\/div>\n\t\t\t\t<\/div>\n\t\t\t\t<\/div>\n\t\t\t\t<\/div>\n\t\t\t\t<\/div>","protected":false},"excerpt":{"rendered":"<p>Tre \u00e5rs garanti Vi vet att kvalitet inte bara handlar om hur redsskapet fungerar idag, utan om hur det presterar \u00e5r efter \u00e5r. D\u00e4rf\u00f6r st\u00e5r vi stolt bakom v\u00e5r produkt med en 3-\u00e5rs garanti \u2013 betydligt l\u00e4ngre \u00e4n vad som normalt erbjuds f\u00f6r tr\u00e4ningsutrustning. Varf\u00f6r? F\u00f6r att vi vet att v\u00e5rt Smartgrepp h\u00e5ller m\u00e5ttet. Med [&hellip;]<\/p>","protected":false},"author":1,"featured_media":0,"parent":0,"menu_order":0,"comment_status":"closed","ping_status":"closed","template":"","meta":{"footnotes":""},"class_list":["post-1590","page","type-page","status-publish","hentry"],"aioseo_notices":[],"jetpack_sharing_enabled":true,"_links":{"self":[{"href":"https:\/\/smartgrepp.se\/en\/wp-json\/wp\/v2\/pages\/1590","targetHints":{"allow":["GET"]}}],"collection":[{"href":"https:\/\/smartgrepp.se\/en\/wp-json\/wp\/v2\/pages"}],"about":[{"href":"https:\/\/smartgrepp.se\/en\/wp-json\/wp\/v2\/types\/page"}],"author":[{"embeddable":true,"href":"https:\/\/smartgrepp.se\/en\/wp-json\/wp\/v2\/users\/1"}],"replies":[{"embeddable":true,"href":"https:\/\/smartgrepp.se\/en\/wp-json\/wp\/v2\/comments?post=1590"}],"version-history":[{"count":16,"href":"https:\/\/smartgrepp.se\/en\/wp-json\/wp\/v2\/pages\/1590\/revisions"}],"predecessor-version":[{"id":1721,"href":"https:\/\/smartgrepp.se\/en\/wp-json\/wp\/v2\/pages\/1590\/revisions\/1721"}],"wp:attachment":[{"href":"https:\/\/smartgrepp.se\/en\/wp-json\/wp\/v2\/media?parent=1590"}],"curies":[{"name":"wp","href":"https:\/\/api.w.org\/{rel}","templated":true}]}}