{"id":1520,"date":"2024-12-06T17:57:55","date_gmt":"2024-12-06T17:57:55","guid":{"rendered":"https:\/\/smartgrepp.se\/?page_id=1520"},"modified":"2024-12-12T19:19:15","modified_gmt":"2024-12-12T19:19:15","slug":"produkter","status":"publish","type":"page","link":"https:\/\/smartgrepp.se\/en\/produkter\/","title":{"rendered":"Products"},"content":{"rendered":"<div data-elementor-type=\"wp-page\" data-elementor-id=\"1520\" class=\"elementor elementor-1520\" data-elementor-settings=\"{&quot;ha_cmc_init_switcher&quot;:&quot;no&quot;}\" data-elementor-post-type=\"page\">\n\t\t\t\t<div class=\"elementor-element elementor-element-9f9c195 e-con-full elementor-hidden-desktop elementor-hidden-tablet elementor-hidden-mobile e-flex e-con e-parent\" data-id=\"9f9c195\" data-element_type=\"container\" data-settings=\"{&quot;background_background&quot;:&quot;classic&quot;,&quot;shape_divider_bottom&quot;:&quot;opacity-fan&quot;,&quot;_ha_eqh_enable&quot;:false}\">\n\t\t\t\t<div class=\"elementor-shape elementor-shape-bottom\" aria-hidden=\"true\" data-negative=\"false\">\n\t\t\t<svg xmlns=\"http:\/\/www.w3.org\/2000\/svg\" viewbox=\"0 0 283.5 19.6\" preserveaspectratio=\"none\">\n\t<path class=\"elementor-shape-fill\" style=\"opacity:0.33\" d=\"M0 0L0 18.8 141.8 4.1 283.5 18.8 283.5 0z\"\/>\n\t<path class=\"elementor-shape-fill\" style=\"opacity:0.33\" d=\"M0 0L0 12.6 141.8 4 283.5 12.6 283.5 0z\"\/>\n\t<path class=\"elementor-shape-fill\" style=\"opacity:0.33\" d=\"M0 0L0 6.4 141.8 4 283.5 6.4 283.5 0z\"\/>\n\t<path class=\"elementor-shape-fill\" d=\"M0 0L0 1.2 141.8 4 283.5 1.2 283.5 0z\"\/>\n<\/svg>\t\t<\/div>\n\t\t<div class=\"elementor-element elementor-element-13def23 e-con-full elementor-hidden-mobile e-flex e-con e-child\" data-id=\"13def23\" data-element_type=\"container\" data-settings=\"{&quot;_ha_eqh_enable&quot;:false}\">\n\t\t\t\t<div class=\"elementor-element elementor-element-f21a74f elementor-widget elementor-widget-heading\" data-id=\"f21a74f\" data-element_type=\"widget\" data-widget_type=\"heading.default\">\n\t\t\t\t<div class=\"elementor-widget-container\">\n\t\t\t\t\t<h1 class=\"elementor-heading-title elementor-size-default\">Store<\/h1>\t\t\t\t<\/div>\n\t\t\t\t<\/div>\n\t\t\t\t<div class=\"elementor-element elementor-element-638d470 elementor-hidden-desktop elementor-hidden-tablet elementor-hidden-mobile elementor-widget elementor-widget-heading\" data-id=\"638d470\" data-element_type=\"widget\" data-widget_type=\"heading.default\">\n\t\t\t\t<div class=\"elementor-widget-container\">\n\t\t\t\t\t<h5 class=\"elementor-heading-title elementor-size-default\">Do you have questions, concerns, or need help with something? We are here for you!\n\nWhether you need advice before your purchase, want to know more about our products, or have feedback to share, we are just a message away.\"<\/h5>\t\t\t\t<\/div>\n\t\t\t\t<\/div>\n\t\t\t\t<\/div>\n\t\t<div class=\"elementor-element elementor-element-4cfef1b e-con-full e-flex e-con e-child\" data-id=\"4cfef1b\" data-element_type=\"container\">\n\t\t\t\t<div class=\"elementor-element elementor-element-ee60818 elementor-widget elementor-widget-image\" data-id=\"ee60818\" data-element_type=\"widget\" data-widget_type=\"image.default\">\n\t\t\t\t<div class=\"elementor-widget-container\">\n\t\t\t\t\t\t\t\t\t\t\t\t\t\t\t<img fetchpriority=\"high\" decoding=\"async\" width=\"1707\" height=\"2560\" src=\"https:\/\/smartgrepp.se\/wp-content\/uploads\/2024\/11\/DSC03440-scaled-1.jpg\" class=\"attachment-full size-full wp-image-789\" alt=\"\" srcset=\"https:\/\/smartgrepp.se\/wp-content\/uploads\/2024\/11\/DSC03440-scaled-1.jpg 1707w, https:\/\/smartgrepp.se\/wp-content\/uploads\/2024\/11\/DSC03440-scaled-1-200x300.jpg 200w, https:\/\/smartgrepp.se\/wp-content\/uploads\/2024\/11\/DSC03440-scaled-1-683x1024.jpg 683w, https:\/\/smartgrepp.se\/wp-content\/uploads\/2024\/11\/DSC03440-scaled-1-768x1152.jpg 768w, https:\/\/smartgrepp.se\/wp-content\/uploads\/2024\/11\/DSC03440-scaled-1-1024x1536.jpg 1024w, https:\/\/smartgrepp.se\/wp-content\/uploads\/2024\/11\/DSC03440-scaled-1-1366x2048.jpg 1366w, https:\/\/smartgrepp.se\/wp-content\/uploads\/2024\/11\/DSC03440-scaled-1-600x900.jpg 600w\" sizes=\"(max-width: 1707px) 100vw, 1707px\" \/>\t\t\t\t\t\t\t\t\t\t\t\t\t\t\t<\/div>\n\t\t\t\t<\/div>\n\t\t\t\t<\/div>\n\t\t\t\t<\/div>\n\t\t<div class=\"elementor-element elementor-element-d21e464 e-con-full e-flex e-con e-parent\" data-id=\"d21e464\" data-element_type=\"container\" data-settings=\"{&quot;background_background&quot;:&quot;gradient&quot;,&quot;shape_divider_bottom&quot;:&quot;opacity-fan&quot;,&quot;_ha_eqh_enable&quot;:false}\">\n\t\t\t\t<div class=\"elementor-shape elementor-shape-bottom\" aria-hidden=\"true\" data-negative=\"false\">\n\t\t\t<svg xmlns=\"http:\/\/www.w3.org\/2000\/svg\" viewbox=\"0 0 283.5 19.6\" preserveaspectratio=\"none\">\n\t<path class=\"elementor-shape-fill\" style=\"opacity:0.33\" d=\"M0 0L0 18.8 141.8 4.1 283.5 18.8 283.5 0z\"\/>\n\t<path class=\"elementor-shape-fill\" style=\"opacity:0.33\" d=\"M0 0L0 12.6 141.8 4 283.5 12.6 283.5 0z\"\/>\n\t<path class=\"elementor-shape-fill\" style=\"opacity:0.33\" d=\"M0 0L0 6.4 141.8 4 283.5 6.4 283.5 0z\"\/>\n\t<path class=\"elementor-shape-fill\" d=\"M0 0L0 1.2 141.8 4 283.5 1.2 283.5 0z\"\/>\n<\/svg>\t\t<\/div>\n\t\t<div class=\"elementor-element elementor-element-ca0bce0 e-con-full e-flex e-con e-child\" data-id=\"ca0bce0\" data-element_type=\"container\" data-settings=\"{&quot;_ha_eqh_enable&quot;:false}\">\n\t\t\t\t<div class=\"elementor-element elementor-element-39dc12c elementor-product-loop-item--align-center elementor-grid-tablet-3 elementor-grid-mobile-2 elementor-grid-4 elementor-products-grid elementor-wc-products elementor-widget elementor-widget-woocommerce-products\" data-id=\"39dc12c\" data-element_type=\"widget\" data-widget_type=\"woocommerce-products.default\">\n\t\t\t\t<div class=\"elementor-widget-container\">\n\t\t\t\t\t<div class=\"woocommerce columns-4\"><ul class=\"products elementor-grid columns-4\">\n<li class=\"product type-product post-1907 status-publish first instock product_cat-grepp has-post-thumbnail taxable shipping-taxable purchasable product-type-simple\">\n\t<a href=\"https:\/\/smartgrepp.se\/en\/product\/smartgrepp\/\" class=\"woocommerce-LoopProduct-link woocommerce-loop-product__link\"><img decoding=\"async\" width=\"300\" height=\"300\" src=\"https:\/\/smartgrepp.se\/wp-content\/uploads\/2025\/03\/SG-bla-2-300x300.jpg\" class=\"attachment-woocommerce_thumbnail size-woocommerce_thumbnail\" alt=\"SmartGrepp\" srcset=\"https:\/\/smartgrepp.se\/wp-content\/uploads\/2025\/03\/SG-bla-2-300x300.jpg 300w, https:\/\/smartgrepp.se\/wp-content\/uploads\/2025\/03\/SG-bla-2-150x150.jpg 150w, https:\/\/smartgrepp.se\/wp-content\/uploads\/2025\/03\/SG-bla-2-768x768.jpg 768w, https:\/\/smartgrepp.se\/wp-content\/uploads\/2025\/03\/SG-bla-2-12x12.jpg 12w, https:\/\/smartgrepp.se\/wp-content\/uploads\/2025\/03\/SG-bla-2-600x600.jpg 600w, https:\/\/smartgrepp.se\/wp-content\/uploads\/2025\/03\/SG-bla-2-100x100.jpg 100w, https:\/\/smartgrepp.se\/wp-content\/uploads\/2025\/03\/SG-bla-2-50x50.jpg 50w, https:\/\/smartgrepp.se\/wp-content\/uploads\/2025\/03\/SG-bla-2.jpg 1000w\" sizes=\"(max-width: 300px) 100vw, 300px\" \/><h2 class=\"woocommerce-loop-product__title\">SmartGrepp<\/h2><div class=\"star-rating\" role=\"img\" aria-label=\"Rated 4.48 out of 5\" data-no-translation-aria-label=\"\"><span style=\"width:89.6%\" data-no-translation=\"\" data-trp-gettext=\"\">Rated <strong class=\"rating\">4.48<\/strong> out of 5<\/span><\/div>\n\t<span class=\"price\"><span class=\"woocommerce-Price-amount amount\"><bdi>249&nbsp;<span class=\"woocommerce-Price-currencySymbol\">&#107;&#114;<\/span><\/bdi><\/span><\/span>\n<\/a><a href=\"\/en\/wp-json\/wp\/v2\/pages\/1520?add-to-cart=1907\" aria-describedby=\"woocommerce_loop_add_to_cart_link_describedby_1907\" data-quantity=\"1\" class=\"button product_type_simple add_to_cart_button ajax_add_to_cart\" data-product_id=\"1907\" data-product_sku=\"\" aria-label=\"Add to basket: \u201cSmartGrepp\u201d\" rel=\"nofollow\" data-success_message=\"\u201cSmartGrepp\u201d has been added to your cart\" data-no-translation=\"\" data-trp-gettext=\"\" data-no-translation-aria-label=\"\" data-no-translation-data-success_message=\"\">Add to basket<\/a>\t<span id=\"woocommerce_loop_add_to_cart_link_describedby_1907\" class=\"screen-reader-text\">\n\t\t\t<\/span>\n<\/li>\n<\/ul>\n<\/div>\t\t\t\t<\/div>\n\t\t\t\t<\/div>\n\t\t\t\t<\/div>\n\t\t\t\t<\/div>\n\t\t\t\t<\/div>","protected":false},"excerpt":{"rendered":"<p>Butik Har du fr\u00e5gor, funderingar eller beh\u00f6ver hj\u00e4lp med n\u00e5got? Vi finns h\u00e4r f\u00f6r dig! Oavsett om du beh\u00f6ver r\u00e5d inf\u00f6r ditt k\u00f6p, vill veta mer om v\u00e5ra produkter eller har feedback att dela, \u00e4r vi bara ett meddelande bort.<\/p>","protected":false},"author":1,"featured_media":0,"parent":0,"menu_order":0,"comment_status":"closed","ping_status":"closed","template":"","meta":{"footnotes":""},"class_list":["post-1520","page","type-page","status-publish","hentry"],"aioseo_notices":[],"jetpack_sharing_enabled":true,"_links":{"self":[{"href":"https:\/\/smartgrepp.se\/en\/wp-json\/wp\/v2\/pages\/1520","targetHints":{"allow":["GET"]}}],"collection":[{"href":"https:\/\/smartgrepp.se\/en\/wp-json\/wp\/v2\/pages"}],"about":[{"href":"https:\/\/smartgrepp.se\/en\/wp-json\/wp\/v2\/types\/page"}],"author":[{"embeddable":true,"href":"https:\/\/smartgrepp.se\/en\/wp-json\/wp\/v2\/users\/1"}],"replies":[{"embeddable":true,"href":"https:\/\/smartgrepp.se\/en\/wp-json\/wp\/v2\/comments?post=1520"}],"version-history":[{"count":19,"href":"https:\/\/smartgrepp.se\/en\/wp-json\/wp\/v2\/pages\/1520\/revisions"}],"predecessor-version":[{"id":1715,"href":"https:\/\/smartgrepp.se\/en\/wp-json\/wp\/v2\/pages\/1520\/revisions\/1715"}],"wp:attachment":[{"href":"https:\/\/smartgrepp.se\/en\/wp-json\/wp\/v2\/media?parent=1520"}],"curies":[{"name":"wp","href":"https:\/\/api.w.org\/{rel}","templated":true}]}}