{"id":1246,"date":"2024-12-03T18:44:53","date_gmt":"2024-12-03T18:44:53","guid":{"rendered":"https:\/\/smartgrepp.se\/?page_id=1246"},"modified":"2024-12-03T19:11:55","modified_gmt":"2024-12-03T19:11:55","slug":"elementor-1246","status":"publish","type":"page","link":"https:\/\/smartgrepp.se\/en\/elementor-1246\/","title":{"rendered":"Elementor #1246"},"content":{"rendered":"<div data-elementor-type=\"wp-page\" data-elementor-id=\"1246\" class=\"elementor elementor-1246\" data-elementor-settings=\"{&quot;ha_cmc_init_switcher&quot;:&quot;no&quot;}\" data-elementor-post-type=\"page\">\n\t\t\t\t<div class=\"elementor-element elementor-element-388849b e-con-full elementor-hidden-mobile elementor-hidden-tablet e-flex e-con e-parent\" data-id=\"388849b\" data-element_type=\"container\" data-settings=\"{&quot;_ha_eqh_enable&quot;:false}\">\n\t\t<div class=\"elementor-element elementor-element-9b4d89a e-con-full e-flex elementor-invisible e-con e-child\" data-id=\"9b4d89a\" data-element_type=\"container\" data-settings=\"{&quot;animation&quot;:&quot;slideInLeft&quot;,&quot;_ha_eqh_enable&quot;:false}\">\n\t\t\t\t<div class=\"elementor-element elementor-element-9ace547 elementor-widget elementor-widget-heading\" data-id=\"9ace547\" data-element_type=\"widget\" data-widget_type=\"heading.default\">\n\t\t\t\t<div class=\"elementor-widget-container\">\n\t\t\t\t\t<h1 class=\"elementor-heading-title elementor-size-default\">Det smarta greppet<\/h1>\t\t\t\t<\/div>\n\t\t\t\t<\/div>\n\t\t\t\t<div class=\"elementor-element elementor-element-42d920c elementor-widget__width-auto elementor-align-center elementor-widget elementor-widget-button\" data-id=\"42d920c\" data-element_type=\"widget\" data-widget_type=\"button.default\">\n\t\t\t\t<div class=\"elementor-widget-container\">\n\t\t\t\t\t\t\t\t\t<div class=\"elementor-button-wrapper\">\n\t\t\t\t\t<a class=\"elementor-button elementor-button-link elementor-size-sm elementor-animation-grow-rotate\" href=\"\/en\/product\/smartgrepp\/\">\n\t\t\t\t\t\t<span class=\"elementor-button-content-wrapper\">\n\t\t\t\t\t\t\t\t\t<span class=\"elementor-button-text\">Klicka h\u00e4r f\u00f6r att best\u00e4lla<\/span>\n\t\t\t\t\t<\/span>\n\t\t\t\t\t<\/a>\n\t\t\t\t<\/div>\n\t\t\t\t\t\t\t\t<\/div>\n\t\t\t\t<\/div>\n\t\t\t\t<\/div>\n\t\t<div class=\"elementor-element elementor-element-0409f5f e-con-full e-flex elementor-invisible e-con e-child\" data-id=\"0409f5f\" data-element_type=\"container\" data-settings=\"{&quot;animation&quot;:&quot;slideInRight&quot;,&quot;motion_fx_motion_fx_scrolling&quot;:&quot;yes&quot;,&quot;motion_fx_translateY_effect&quot;:&quot;yes&quot;,&quot;motion_fx_translateY_direction&quot;:&quot;negative&quot;,&quot;motion_fx_translateY_affectedRange&quot;:{&quot;unit&quot;:&quot;%&quot;,&quot;size&quot;:&quot;&quot;,&quot;sizes&quot;:{&quot;start&quot;:50,&quot;end&quot;:100}},&quot;motion_fx_blur_effect&quot;:&quot;yes&quot;,&quot;motion_fx_blur_direction&quot;:&quot;in-out&quot;,&quot;motion_fx_blur_level&quot;:{&quot;unit&quot;:&quot;px&quot;,&quot;size&quot;:4,&quot;sizes&quot;:[]},&quot;motion_fx_blur_range&quot;:{&quot;unit&quot;:&quot;%&quot;,&quot;size&quot;:&quot;&quot;,&quot;sizes&quot;:{&quot;start&quot;:65,&quot;end&quot;:79}},&quot;_ha_eqh_enable&quot;:false,&quot;motion_fx_translateY_speed&quot;:{&quot;unit&quot;:&quot;px&quot;,&quot;size&quot;:4,&quot;sizes&quot;:[]},&quot;motion_fx_devices&quot;:[&quot;desktop&quot;,&quot;tablet&quot;,&quot;mobile&quot;]}\">\n\t\t\t\t<div class=\"elementor-element elementor-element-769f506 ha-has-bg-overlay elementor-widget elementor-widget-image\" data-id=\"769f506\" data-element_type=\"widget\" data-settings=\"{&quot;motion_fx_motion_fx_scrolling&quot;:&quot;yes&quot;,&quot;_animation&quot;:&quot;none&quot;,&quot;motion_fx_devices&quot;:[&quot;desktop&quot;,&quot;tablet&quot;,&quot;mobile&quot;]}\" data-widget_type=\"image.default\">\n\t\t\t\t<div class=\"elementor-widget-container\">\n\t\t\t\t\t\t\t\t\t\t\t\t\t\t\t<img fetchpriority=\"high\" decoding=\"async\" width=\"1192\" height=\"1536\" src=\"https:\/\/smartgrepp.se\/wp-content\/uploads\/2024\/12\/3EFF9A0A-D0DD-465E-BF28-728961F7867D-1192x1536-1.png\" class=\"attachment-full size-full wp-image-1262\" alt=\"\" srcset=\"https:\/\/smartgrepp.se\/wp-content\/uploads\/2024\/12\/3EFF9A0A-D0DD-465E-BF28-728961F7867D-1192x1536-1.png 1192w, https:\/\/smartgrepp.se\/wp-content\/uploads\/2024\/12\/3EFF9A0A-D0DD-465E-BF28-728961F7867D-1192x1536-1-233x300.png 233w, https:\/\/smartgrepp.se\/wp-content\/uploads\/2024\/12\/3EFF9A0A-D0DD-465E-BF28-728961F7867D-1192x1536-1-795x1024.png 795w, https:\/\/smartgrepp.se\/wp-content\/uploads\/2024\/12\/3EFF9A0A-D0DD-465E-BF28-728961F7867D-1192x1536-1-768x990.png 768w, https:\/\/smartgrepp.se\/wp-content\/uploads\/2024\/12\/3EFF9A0A-D0DD-465E-BF28-728961F7867D-1192x1536-1-600x773.png 600w\" sizes=\"(max-width: 1192px) 100vw, 1192px\" \/>\t\t\t\t\t\t\t\t\t\t\t\t\t\t\t<\/div>\n\t\t\t\t<\/div>\n\t\t\t\t<\/div>\n\t\t\t\t<\/div>\n\t\t<div class=\"elementor-element elementor-element-3aaffb8 e-con-full elementor-hidden-desktop elementor-hidden-tablet e-flex e-con e-parent\" data-id=\"3aaffb8\" data-element_type=\"container\" data-settings=\"{&quot;_ha_eqh_enable&quot;:false}\">\n\t\t<div class=\"elementor-element elementor-element-a8c266f e-con-full e-flex elementor-invisible e-con e-child\" data-id=\"a8c266f\" data-element_type=\"container\" data-settings=\"{&quot;animation&quot;:&quot;slideInRight&quot;,&quot;_ha_eqh_enable&quot;:false}\">\n\t\t\t\t<div class=\"elementor-element elementor-element-ab45185 ha-has-bg-overlay elementor-widget elementor-widget-image\" data-id=\"ab45185\" data-element_type=\"widget\" data-settings=\"{&quot;motion_fx_motion_fx_scrolling&quot;:&quot;yes&quot;,&quot;_animation&quot;:&quot;none&quot;,&quot;motion_fx_devices&quot;:[&quot;desktop&quot;,&quot;tablet&quot;,&quot;mobile&quot;]}\" data-widget_type=\"image.default\">\n\t\t\t\t<div class=\"elementor-widget-container\">\n\t\t\t\t\t\t\t\t\t\t\t\t\t\t\t<img fetchpriority=\"high\" decoding=\"async\" width=\"1192\" height=\"1536\" src=\"https:\/\/smartgrepp.se\/wp-content\/uploads\/2024\/12\/3EFF9A0A-D0DD-465E-BF28-728961F7867D-1192x1536-1.png\" class=\"attachment-full size-full wp-image-1262\" alt=\"\" srcset=\"https:\/\/smartgrepp.se\/wp-content\/uploads\/2024\/12\/3EFF9A0A-D0DD-465E-BF28-728961F7867D-1192x1536-1.png 1192w, https:\/\/smartgrepp.se\/wp-content\/uploads\/2024\/12\/3EFF9A0A-D0DD-465E-BF28-728961F7867D-1192x1536-1-233x300.png 233w, https:\/\/smartgrepp.se\/wp-content\/uploads\/2024\/12\/3EFF9A0A-D0DD-465E-BF28-728961F7867D-1192x1536-1-795x1024.png 795w, https:\/\/smartgrepp.se\/wp-content\/uploads\/2024\/12\/3EFF9A0A-D0DD-465E-BF28-728961F7867D-1192x1536-1-768x990.png 768w, https:\/\/smartgrepp.se\/wp-content\/uploads\/2024\/12\/3EFF9A0A-D0DD-465E-BF28-728961F7867D-1192x1536-1-600x773.png 600w\" sizes=\"(max-width: 1192px) 100vw, 1192px\" \/>\t\t\t\t\t\t\t\t\t\t\t\t\t\t\t<\/div>\n\t\t\t\t<\/div>\n\t\t\t\t<div class=\"elementor-element elementor-element-b733a3f elementor-widget__width-auto elementor-align-center elementor-mobile-align-justify elementor-widget elementor-widget-button\" data-id=\"b733a3f\" data-element_type=\"widget\" data-widget_type=\"button.default\">\n\t\t\t\t<div class=\"elementor-widget-container\">\n\t\t\t\t\t\t\t\t\t<div class=\"elementor-button-wrapper\">\n\t\t\t\t\t<a class=\"elementor-button elementor-button-link elementor-size-sm elementor-animation-grow-rotate\" href=\"\/en\/product\/smartgrepp\/\">\n\t\t\t\t\t\t<span class=\"elementor-button-content-wrapper\">\n\t\t\t\t\t\t\t\t\t<span class=\"elementor-button-text\">Klicka h\u00e4r f\u00f6r att best\u00e4lla<\/span>\n\t\t\t\t\t<\/span>\n\t\t\t\t\t<\/a>\n\t\t\t\t<\/div>\n\t\t\t\t\t\t\t\t<\/div>\n\t\t\t\t<\/div>\n\t\t\t\t<\/div>\n\t\t\t\t<\/div>\n\t\t<div class=\"elementor-element elementor-element-62b3327 e-con-full elementor-hidden-desktop elementor-hidden-tablet elementor-hidden-mobile e-flex e-con e-parent\" data-id=\"62b3327\" data-element_type=\"container\" data-settings=\"{&quot;_ha_eqh_enable&quot;:false}\">\n\t\t<div class=\"elementor-element elementor-element-45c3b3b e-con-full e-flex elementor-invisible e-con e-child\" data-id=\"45c3b3b\" data-element_type=\"container\" data-settings=\"{&quot;animation&quot;:&quot;fadeIn&quot;,&quot;_ha_eqh_enable&quot;:false}\">\n\t\t\t\t<div class=\"elementor-element elementor-element-5ee7f6e elementor-grid-1 elementor-product-loop-item--align-center elementor-grid-tablet-3 elementor-grid-mobile-2 elementor-products-grid elementor-wc-products elementor-widget elementor-widget-woocommerce-products\" data-id=\"5ee7f6e\" data-element_type=\"widget\" data-widget_type=\"woocommerce-products.default\">\n\t\t\t\t<div class=\"elementor-widget-container\">\n\t\t\t\t\t<div class=\"woocommerce columns-1\"><ul class=\"products elementor-grid columns-1\">\n<li class=\"product type-product post-1907 status-publish first instock product_cat-grepp has-post-thumbnail taxable shipping-taxable purchasable product-type-simple\">\n\t<a href=\"https:\/\/smartgrepp.se\/en\/product\/smartgrepp\/\" class=\"woocommerce-LoopProduct-link woocommerce-loop-product__link\"><img decoding=\"async\" width=\"300\" height=\"300\" src=\"https:\/\/smartgrepp.se\/wp-content\/uploads\/2025\/03\/SG-bla-2-300x300.jpg\" class=\"attachment-woocommerce_thumbnail size-woocommerce_thumbnail\" alt=\"SmartGrepp\" srcset=\"https:\/\/smartgrepp.se\/wp-content\/uploads\/2025\/03\/SG-bla-2-300x300.jpg 300w, https:\/\/smartgrepp.se\/wp-content\/uploads\/2025\/03\/SG-bla-2-150x150.jpg 150w, https:\/\/smartgrepp.se\/wp-content\/uploads\/2025\/03\/SG-bla-2-768x768.jpg 768w, https:\/\/smartgrepp.se\/wp-content\/uploads\/2025\/03\/SG-bla-2-12x12.jpg 12w, https:\/\/smartgrepp.se\/wp-content\/uploads\/2025\/03\/SG-bla-2-600x600.jpg 600w, https:\/\/smartgrepp.se\/wp-content\/uploads\/2025\/03\/SG-bla-2-100x100.jpg 100w, https:\/\/smartgrepp.se\/wp-content\/uploads\/2025\/03\/SG-bla-2-50x50.jpg 50w, https:\/\/smartgrepp.se\/wp-content\/uploads\/2025\/03\/SG-bla-2.jpg 1000w\" sizes=\"(max-width: 300px) 100vw, 300px\" \/><h2 class=\"woocommerce-loop-product__title\">SmartGrepp<\/h2><div class=\"star-rating\" role=\"img\" aria-label=\"Rated 4.48 out of 5\" data-no-translation-aria-label=\"\"><span style=\"width:89.6%\" data-no-translation=\"\" data-trp-gettext=\"\">Rated <strong class=\"rating\">4.48<\/strong> out of 5<\/span><\/div>\n\t<span class=\"price\"><span class=\"woocommerce-Price-amount amount\"><bdi>249&nbsp;<span class=\"woocommerce-Price-currencySymbol\">&#107;&#114;<\/span><\/bdi><\/span><\/span>\n<\/a><a href=\"\/en\/wp-json\/wp\/v2\/pages\/1246?add-to-cart=1907\" aria-describedby=\"woocommerce_loop_add_to_cart_link_describedby_1907\" data-quantity=\"1\" class=\"button product_type_simple add_to_cart_button ajax_add_to_cart\" data-product_id=\"1907\" data-product_sku=\"\" aria-label=\"Add to basket: \u201cSmartGrepp\u201d\" rel=\"nofollow\" data-success_message=\"\u201cSmartGrepp\u201d has been added to your cart\" data-no-translation=\"\" data-trp-gettext=\"\" data-no-translation-aria-label=\"\" data-no-translation-data-success_message=\"\">Add to basket<\/a>\t<span id=\"woocommerce_loop_add_to_cart_link_describedby_1907\" class=\"screen-reader-text\">\n\t\t\t<\/span>\n<\/li>\n<\/ul>\n<\/div>\t\t\t\t<\/div>\n\t\t\t\t<\/div>\n\t\t\t\t<\/div>\n\t\t\t\t<\/div>\n\t\t\t\t<\/div>","protected":false},"excerpt":{"rendered":"<p>Det smarta greppet Klicka h\u00e4r f\u00f6r att best\u00e4lla Klicka h\u00e4r f\u00f6r att best\u00e4lla<\/p>","protected":false},"author":1,"featured_media":0,"parent":0,"menu_order":0,"comment_status":"closed","ping_status":"closed","template":"","meta":{"footnotes":""},"class_list":["post-1246","page","type-page","status-publish","hentry"],"aioseo_notices":[],"jetpack_sharing_enabled":true,"_links":{"self":[{"href":"https:\/\/smartgrepp.se\/en\/wp-json\/wp\/v2\/pages\/1246","targetHints":{"allow":["GET"]}}],"collection":[{"href":"https:\/\/smartgrepp.se\/en\/wp-json\/wp\/v2\/pages"}],"about":[{"href":"https:\/\/smartgrepp.se\/en\/wp-json\/wp\/v2\/types\/page"}],"author":[{"embeddable":true,"href":"https:\/\/smartgrepp.se\/en\/wp-json\/wp\/v2\/users\/1"}],"replies":[{"embeddable":true,"href":"https:\/\/smartgrepp.se\/en\/wp-json\/wp\/v2\/comments?post=1246"}],"version-history":[{"count":55,"href":"https:\/\/smartgrepp.se\/en\/wp-json\/wp\/v2\/pages\/1246\/revisions"}],"predecessor-version":[{"id":1308,"href":"https:\/\/smartgrepp.se\/en\/wp-json\/wp\/v2\/pages\/1246\/revisions\/1308"}],"wp:attachment":[{"href":"https:\/\/smartgrepp.se\/en\/wp-json\/wp\/v2\/media?parent=1246"}],"curies":[{"name":"wp","href":"https:\/\/api.w.org\/{rel}","templated":true}]}}